{"id":77,"date":"2023-11-17T11:34:17","date_gmt":"2023-11-17T10:34:17","guid":{"rendered":"https:\/\/dr10.no\/?page_id=77"},"modified":"2026-03-26T10:39:25","modified_gmt":"2026-03-26T09:39:25","slug":"leie-lokale","status":"publish","type":"page","link":"https:\/\/dr10.no\/?page_id=77","title":{"rendered":"Leie lokale"},"content":{"rendered":"\t\t<div data-elementor-type=\"wp-page\" data-elementor-id=\"77\" class=\"elementor elementor-77\" data-elementor-post-type=\"page\">\n\t\t\t\t\t\t<section class=\"elementor-section elementor-top-section elementor-element elementor-element-f81d308 elementor-section-boxed elementor-section-height-default elementor-section-height-default\" data-id=\"f81d308\" data-element_type=\"section\" data-e-type=\"section\" data-settings=\"{&quot;background_background&quot;:&quot;classic&quot;,&quot;shape_divider_top&quot;:&quot;mountains&quot;}\">\n\t\t\t\t\t<div class=\"elementor-shape elementor-shape-top\" aria-hidden=\"true\" data-negative=\"false\">\n\t\t\t<svg xmlns=\"http:\/\/www.w3.org\/2000\/svg\" viewBox=\"0 0 1000 100\" preserveAspectRatio=\"none\">\n\t<path class=\"elementor-shape-fill\" opacity=\"0.33\" d=\"M473,67.3c-203.9,88.3-263.1-34-320.3,0C66,119.1,0,59.7,0,59.7V0h1000v59.7 c0,0-62.1,26.1-94.9,29.3c-32.8,3.3-62.8-12.3-75.8-22.1C806,49.6,745.3,8.7,694.9,4.7S492.4,59,473,67.3z\"\/>\n\t<path class=\"elementor-shape-fill\" opacity=\"0.66\" d=\"M734,67.3c-45.5,0-77.2-23.2-129.1-39.1c-28.6-8.7-150.3-10.1-254,39.1 s-91.7-34.4-149.2,0C115.7,118.3,0,39.8,0,39.8V0h1000v36.5c0,0-28.2-18.5-92.1-18.5C810.2,18.1,775.7,67.3,734,67.3z\"\/>\n\t<path class=\"elementor-shape-fill\" d=\"M766.1,28.9c-200-57.5-266,65.5-395.1,19.5C242,1.8,242,5.4,184.8,20.6C128,35.8,132.3,44.9,89.9,52.5C28.6,63.7,0,0,0,0 h1000c0,0-9.9,40.9-83.6,48.1S829.6,47,766.1,28.9z\"\/>\n<\/svg>\t\t<\/div>\n\t\t\t\t\t<div class=\"elementor-container elementor-column-gap-default\">\n\t\t\t\t\t<div class=\"elementor-column elementor-col-100 elementor-top-column elementor-element elementor-element-a864d1f\" data-id=\"a864d1f\" data-element_type=\"column\" data-e-type=\"column\">\n\t\t\t<div class=\"elementor-widget-wrap elementor-element-populated\">\n\t\t\t\t\t\t<div class=\"elementor-element elementor-element-134b75c elementor-widget elementor-widget-spacer\" data-id=\"134b75c\" data-element_type=\"widget\" data-e-type=\"widget\" data-widget_type=\"spacer.default\">\n\t\t\t\t<div class=\"elementor-widget-container\">\n\t\t\t\t\t\t\t<div class=\"elementor-spacer\">\n\t\t\t<div class=\"elementor-spacer-inner\"><\/div>\n\t\t<\/div>\n\t\t\t\t\t\t<\/div>\n\t\t\t\t<\/div>\n\t\t\t\t<div class=\"elementor-element elementor-element-c8db625 elementor-widget elementor-widget-heading\" data-id=\"c8db625\" data-element_type=\"widget\" data-e-type=\"widget\" data-widget_type=\"heading.default\">\n\t\t\t\t<div class=\"elementor-widget-container\">\n\t\t\t\t\t<h1 class=\"elementor-heading-title elementor-size-default\">Leie lokaler?<\/h1>\t\t\t\t<\/div>\n\t\t\t\t<\/div>\n\t\t\t\t<div class=\"elementor-element elementor-element-7d066b3 elementor-widget elementor-widget-heading\" data-id=\"7d066b3\" data-element_type=\"widget\" data-e-type=\"widget\" data-widget_type=\"heading.default\">\n\t\t\t\t<div class=\"elementor-widget-container\">\n\t\t\t\t\t<h2 class=\"elementor-heading-title elementor-size-default\">Med (eller uten) servering fra H\u00e5ndverksbakeriet<\/h2>\t\t\t\t<\/div>\n\t\t\t\t<\/div>\n\t\t\t\t<div class=\"elementor-element elementor-element-e045f99 elementor-widget elementor-widget-spacer\" data-id=\"e045f99\" data-element_type=\"widget\" data-e-type=\"widget\" data-widget_type=\"spacer.default\">\n\t\t\t\t<div class=\"elementor-widget-container\">\n\t\t\t\t\t\t\t<div class=\"elementor-spacer\">\n\t\t\t<div class=\"elementor-spacer-inner\"><\/div>\n\t\t<\/div>\n\t\t\t\t\t\t<\/div>\n\t\t\t\t<\/div>\n\t\t\t\t\t<\/div>\n\t\t<\/div>\n\t\t\t\t\t<\/div>\n\t\t<\/section>\n\t\t\t\t<section class=\"elementor-section elementor-top-section elementor-element elementor-element-9e74b5d elementor-section-boxed elementor-section-height-default elementor-section-height-default\" data-id=\"9e74b5d\" data-element_type=\"section\" data-e-type=\"section\" data-settings=\"{&quot;background_background&quot;:&quot;classic&quot;}\">\n\t\t\t\t\t\t<div class=\"elementor-container elementor-column-gap-wider\">\n\t\t\t\t\t<div class=\"elementor-column elementor-col-50 elementor-top-column elementor-element elementor-element-b25d967\" data-id=\"b25d967\" data-element_type=\"column\" data-e-type=\"column\" data-settings=\"{&quot;background_background&quot;:&quot;classic&quot;}\">\n\t\t\t<div class=\"elementor-widget-wrap elementor-element-populated\">\n\t\t\t\t\t\t<div class=\"elementor-element elementor-element-a908685 elementor-widget elementor-widget-text-editor\" data-id=\"a908685\" data-element_type=\"widget\" data-e-type=\"widget\" data-widget_type=\"text-editor.default\">\n\t\t\t\t<div class=\"elementor-widget-container\">\n\t\t\t\t\t\t\t\t\t<h1>Velkommen til v\u00e5re nye konferanselokaler midt i g\u00e5gaten i Moss<\/h1><h4>Bygget v\u00e5rt er fra 1812 og har historisk sus med verneverdig fasade. Det er det eldste bygget i g\u00e5gata, og har tidligere v\u00e6rt kjent som Frisenfeldt g\u00e5rden.\u00a0<\/h4><p>Vi har pusset det opp og innredet bygget med en koselig og popul\u00e6r cafe, med topp moderne utleielokaler.\u00a0<\/p><p><span style=\"font-weight: 400;\">Her kan du holde en konferanse, bryllup, firmaevent eller selskap, med eller uten servering fra v\u00e5r annerkjente caf\u00e9.<\/span><\/p><p><span style=\"font-weight: 400;\">Vi gj\u00f8r alt for \u00e5 hjelpe deg med \u00e5 gj\u00f8re ditt selskap til en suksess.\u00a0<\/span><\/p><h5><b>\u00d8nsker du tilbud p\u00e5 leie? <\/b><\/h5><h5><b><a href=\"https:\/\/forms.gle\/n3YHFhViUW4r16Vo8\">Fyll ut dette skjemaet<\/a><\/b><\/h5><p>Du kan ogs\u00e5 ta kontakt med oss p\u00e5:<\/p><p>utleie@dr10.no \/\/<\/p><p>Roger L. Bjerkan \u2013 Mob: 932 18 108<\/p>\t\t\t\t\t\t\t\t<\/div>\n\t\t\t\t<\/div>\n\t\t\t\t\t<\/div>\n\t\t<\/div>\n\t\t\t\t<div class=\"elementor-column elementor-col-50 elementor-top-column elementor-element elementor-element-6ce1401\" data-id=\"6ce1401\" data-element_type=\"column\" data-e-type=\"column\" data-settings=\"{&quot;background_background&quot;:&quot;classic&quot;}\">\n\t\t\t<div class=\"elementor-widget-wrap elementor-element-populated\">\n\t\t\t\t\t\t<div class=\"elementor-element elementor-element-ec7060b elementor-widget elementor-widget-image\" data-id=\"ec7060b\" data-element_type=\"widget\" data-e-type=\"widget\" data-widget_type=\"image.default\">\n\t\t\t\t<div class=\"elementor-widget-container\">\n\t\t\t\t\t\t\t\t\t\t\t\t\t\t\t<img fetchpriority=\"high\" decoding=\"async\" width=\"800\" height=\"600\" src=\"https:\/\/dr10.no\/wp-content\/uploads\/2024\/09\/Drgt10-1024x768.jpg\" class=\"attachment-large size-large wp-image-477\" alt=\"\" srcset=\"https:\/\/dr10.no\/wp-content\/uploads\/2024\/09\/Drgt10-1024x768.jpg 1024w, https:\/\/dr10.no\/wp-content\/uploads\/2024\/09\/Drgt10-300x225.jpg 300w, https:\/\/dr10.no\/wp-content\/uploads\/2024\/09\/Drgt10-768x576.jpg 768w, https:\/\/dr10.no\/wp-content\/uploads\/2024\/09\/Drgt10.jpg 1500w\" sizes=\"(max-width: 800px) 100vw, 800px\" \/>\t\t\t\t\t\t\t\t\t\t\t\t\t\t\t<\/div>\n\t\t\t\t<\/div>\n\t\t\t\t<div class=\"elementor-element elementor-element-ed2a33a elementor-widget elementor-widget-image\" data-id=\"ed2a33a\" data-element_type=\"widget\" data-e-type=\"widget\" data-widget_type=\"image.default\">\n\t\t\t\t<div class=\"elementor-widget-container\">\n\t\t\t\t\t\t\t\t\t\t\t\t\t\t\t<img decoding=\"async\" width=\"800\" height=\"409\" src=\"https:\/\/dr10.no\/wp-content\/uploads\/2023\/11\/Salen-med-folk-1024x524.jpg\" class=\"attachment-large size-large wp-image-125\" alt=\"\" srcset=\"https:\/\/dr10.no\/wp-content\/uploads\/2023\/11\/Salen-med-folk-1024x524.jpg 1024w, https:\/\/dr10.no\/wp-content\/uploads\/2023\/11\/Salen-med-folk-300x154.jpg 300w, https:\/\/dr10.no\/wp-content\/uploads\/2023\/11\/Salen-med-folk-768x393.jpg 768w, https:\/\/dr10.no\/wp-content\/uploads\/2023\/11\/Salen-med-folk-1536x786.jpg 1536w, https:\/\/dr10.no\/wp-content\/uploads\/2023\/11\/Salen-med-folk-2048x1049.jpg 2048w\" sizes=\"(max-width: 800px) 100vw, 800px\" \/>\t\t\t\t\t\t\t\t\t\t\t\t\t\t\t<\/div>\n\t\t\t\t<\/div>\n\t\t\t\t<div class=\"elementor-element elementor-element-415c9b2 elementor-widget elementor-widget-spacer\" data-id=\"415c9b2\" data-element_type=\"widget\" data-e-type=\"widget\" data-widget_type=\"spacer.default\">\n\t\t\t\t<div class=\"elementor-widget-container\">\n\t\t\t\t\t\t\t<div class=\"elementor-spacer\">\n\t\t\t<div class=\"elementor-spacer-inner\"><\/div>\n\t\t<\/div>\n\t\t\t\t\t\t<\/div>\n\t\t\t\t<\/div>\n\t\t\t\t\t<\/div>\n\t\t<\/div>\n\t\t\t\t\t<\/div>\n\t\t<\/section>\n\t\t\t\t<section class=\"elementor-section elementor-top-section elementor-element elementor-element-821251f elementor-section-boxed elementor-section-height-default elementor-section-height-default\" data-id=\"821251f\" data-element_type=\"section\" data-e-type=\"section\">\n\t\t\t\t\t\t<div class=\"elementor-container elementor-column-gap-default\">\n\t\t\t\t\t<div class=\"elementor-column elementor-col-100 elementor-top-column elementor-element elementor-element-5a9cff8\" data-id=\"5a9cff8\" data-element_type=\"column\" data-e-type=\"column\">\n\t\t\t<div class=\"elementor-widget-wrap elementor-element-populated\">\n\t\t\t\t\t\t<div class=\"elementor-element elementor-element-afdfa55 elementor-widget elementor-widget-text-editor\" data-id=\"afdfa55\" data-element_type=\"widget\" data-e-type=\"widget\" data-widget_type=\"text-editor.default\">\n\t\t\t\t<div class=\"elementor-widget-container\">\n\t\t\t\t\t\t\t\t\t<h5 style=\"text-align: center;\"><strong>Vi har 2 ulike rom for utleie:<\/strong><\/h5>\t\t\t\t\t\t\t\t<\/div>\n\t\t\t\t<\/div>\n\t\t\t\t\t<\/div>\n\t\t<\/div>\n\t\t\t\t\t<\/div>\n\t\t<\/section>\n\t\t\t\t<section class=\"elementor-section elementor-top-section elementor-element elementor-element-1d3aacb elementor-section-boxed elementor-section-height-default elementor-section-height-default\" data-id=\"1d3aacb\" data-element_type=\"section\" data-e-type=\"section\" data-settings=\"{&quot;background_background&quot;:&quot;classic&quot;}\">\n\t\t\t\t\t\t<div class=\"elementor-container elementor-column-gap-wider\">\n\t\t\t\t\t<div class=\"elementor-column elementor-col-50 elementor-top-column elementor-element elementor-element-6890a4a\" data-id=\"6890a4a\" data-element_type=\"column\" data-e-type=\"column\" data-settings=\"{&quot;background_background&quot;:&quot;classic&quot;}\">\n\t\t\t<div class=\"elementor-widget-wrap elementor-element-populated\">\n\t\t\t\t\t\t<div class=\"elementor-element elementor-element-202e1b3 elementor-widget elementor-widget-heading\" data-id=\"202e1b3\" data-element_type=\"widget\" data-e-type=\"widget\" data-widget_type=\"heading.default\">\n\t\t\t\t<div class=\"elementor-widget-container\">\n\t\t\t\t\t<h3 class=\"elementor-heading-title elementor-size-default\">Hovedsalen<\/h3>\t\t\t\t<\/div>\n\t\t\t\t<\/div>\n\t\t\t\t<div class=\"elementor-element elementor-element-4a41d5d elementor-widget elementor-widget-image\" data-id=\"4a41d5d\" data-element_type=\"widget\" data-e-type=\"widget\" data-widget_type=\"image.default\">\n\t\t\t\t<div class=\"elementor-widget-container\">\n\t\t\t\t\t\t\t\t\t\t\t\t\t\t\t<img decoding=\"async\" width=\"800\" height=\"511\" src=\"https:\/\/dr10.no\/wp-content\/uploads\/2023\/11\/scene-1024x654.jpg\" class=\"attachment-large size-large wp-image-120\" alt=\"\" srcset=\"https:\/\/dr10.no\/wp-content\/uploads\/2023\/11\/scene-1024x654.jpg 1024w, https:\/\/dr10.no\/wp-content\/uploads\/2023\/11\/scene-300x192.jpg 300w, https:\/\/dr10.no\/wp-content\/uploads\/2023\/11\/scene-768x491.jpg 768w, https:\/\/dr10.no\/wp-content\/uploads\/2023\/11\/scene-1536x981.jpg 1536w, https:\/\/dr10.no\/wp-content\/uploads\/2023\/11\/scene-2048x1308.jpg 2048w\" sizes=\"(max-width: 800px) 100vw, 800px\" \/>\t\t\t\t\t\t\t\t\t\t\t\t\t\t\t<\/div>\n\t\t\t\t<\/div>\n\t\t\t\t<div class=\"elementor-element elementor-element-b7e2227 elementor-widget elementor-widget-image\" data-id=\"b7e2227\" data-element_type=\"widget\" data-e-type=\"widget\" data-widget_type=\"image.default\">\n\t\t\t\t<div class=\"elementor-widget-container\">\n\t\t\t\t\t\t\t\t\t\t\t\t\t\t\t<img loading=\"lazy\" decoding=\"async\" width=\"800\" height=\"511\" src=\"https:\/\/dr10.no\/wp-content\/uploads\/2023\/11\/hovedsal-1024x654.jpg\" class=\"attachment-large size-large wp-image-118\" alt=\"\" srcset=\"https:\/\/dr10.no\/wp-content\/uploads\/2023\/11\/hovedsal-1024x654.jpg 1024w, https:\/\/dr10.no\/wp-content\/uploads\/2023\/11\/hovedsal-300x192.jpg 300w, https:\/\/dr10.no\/wp-content\/uploads\/2023\/11\/hovedsal-768x491.jpg 768w, https:\/\/dr10.no\/wp-content\/uploads\/2023\/11\/hovedsal-1536x981.jpg 1536w, https:\/\/dr10.no\/wp-content\/uploads\/2023\/11\/hovedsal-2048x1308.jpg 2048w\" sizes=\"(max-width: 800px) 100vw, 800px\" \/>\t\t\t\t\t\t\t\t\t\t\t\t\t\t\t<\/div>\n\t\t\t\t<\/div>\n\t\t\t\t<div class=\"elementor-element elementor-element-9620233 elementor-widget elementor-widget-image\" data-id=\"9620233\" data-element_type=\"widget\" data-e-type=\"widget\" data-widget_type=\"image.default\">\n\t\t\t\t<div class=\"elementor-widget-container\">\n\t\t\t\t\t\t\t\t\t\t\t\t\t\t\t<img loading=\"lazy\" decoding=\"async\" width=\"800\" height=\"511\" src=\"https:\/\/dr10.no\/wp-content\/uploads\/2023\/11\/pyntet-sal-1024x654.jpg\" class=\"attachment-large size-large wp-image-119\" alt=\"\" srcset=\"https:\/\/dr10.no\/wp-content\/uploads\/2023\/11\/pyntet-sal-1024x654.jpg 1024w, https:\/\/dr10.no\/wp-content\/uploads\/2023\/11\/pyntet-sal-300x192.jpg 300w, https:\/\/dr10.no\/wp-content\/uploads\/2023\/11\/pyntet-sal-768x491.jpg 768w, https:\/\/dr10.no\/wp-content\/uploads\/2023\/11\/pyntet-sal-1536x981.jpg 1536w, https:\/\/dr10.no\/wp-content\/uploads\/2023\/11\/pyntet-sal-2048x1308.jpg 2048w\" sizes=\"(max-width: 800px) 100vw, 800px\" \/>\t\t\t\t\t\t\t\t\t\t\t\t\t\t\t<\/div>\n\t\t\t\t<\/div>\n\t\t\t\t<div class=\"elementor-element elementor-element-bda9542 elementor-widget elementor-widget-text-editor\" data-id=\"bda9542\" data-element_type=\"widget\" data-e-type=\"widget\" data-widget_type=\"text-editor.default\">\n\t\t\t\t<div class=\"elementor-widget-container\">\n\t\t\t\t\t\t\t\t\t<h4><span style=\"font-weight: 400;\"><strong>Scene og sal med plass til 100 gjester.<\/strong> <\/span><\/h4><p><span style=\"font-weight: 400;\">Kan leveres dekket med festbord med plass til 100 gjester, eller kinooppsett.<\/span><\/p><p><span style=\"font-weight: 400;\">Til hovedsalen medf\u00f8lger det ogs\u00e5 et grupperom som har overf\u00f8rt lyd og bilde.\u00a0\u00a0<\/span><\/p><p><strong>Kr 5.000,- pr dag, mandag til torsdag<\/strong><\/p><p><strong>Kr 6.000,- pr dag, fredag og l\u00f8rdag<\/strong><\/p><p><span style=\"font-weight: 400;\">Standard oppsett med 4 b\u00f8ylemikrofoner og 2 tr\u00e5dl\u00f8se h\u00e5ndholdte mikrofoner. Storskjerm (og 4 st\u00f8tteskjermer) med lyd og bilde fra HDMI kabel ved scene, eller airplay.<\/span><\/p><p><em>For 4.000 kr ekstra medf\u00f8lger lydtekniker og bruk av digital mikser med 32 kanaler.\u00a0<\/em><\/p><p><a href=\"https:\/\/calendar.google.com\/calendar\/u\/2?cid=Y18xMzg3Y2I2MzliMTRlZTFjMjJjM2UzNjdiMmE1ODAxNzI5M2ExMzdkOWI4NWRmN2I2MjllYjUxZjhjNGE4ZGJjQGdyb3VwLmNhbGVuZGFyLmdvb2dsZS5jb20\">Admin<\/a><\/p>\t\t\t\t\t\t\t\t<\/div>\n\t\t\t\t<\/div>\n\t\t\t\t\t<\/div>\n\t\t<\/div>\n\t\t\t\t<div class=\"elementor-column elementor-col-50 elementor-top-column elementor-element elementor-element-5abe7b3\" data-id=\"5abe7b3\" data-element_type=\"column\" data-e-type=\"column\" data-settings=\"{&quot;background_background&quot;:&quot;classic&quot;}\">\n\t\t\t<div class=\"elementor-widget-wrap elementor-element-populated\">\n\t\t\t\t\t\t<div class=\"elementor-element elementor-element-559ef92 elementor-widget elementor-widget-heading\" data-id=\"559ef92\" data-element_type=\"widget\" data-e-type=\"widget\" data-widget_type=\"heading.default\">\n\t\t\t\t<div class=\"elementor-widget-container\">\n\t\t\t\t\t<h3 class=\"elementor-heading-title elementor-size-default\">T\u00f8mmerstua<\/h3>\t\t\t\t<\/div>\n\t\t\t\t<\/div>\n\t\t\t\t<div class=\"elementor-element elementor-element-c29a112 elementor-widget elementor-widget-image\" data-id=\"c29a112\" data-element_type=\"widget\" data-e-type=\"widget\" data-widget_type=\"image.default\">\n\t\t\t\t<div class=\"elementor-widget-container\">\n\t\t\t\t\t\t\t\t\t\t\t\t\t\t\t<img loading=\"lazy\" decoding=\"async\" width=\"800\" height=\"511\" src=\"https:\/\/dr10.no\/wp-content\/uploads\/2023\/11\/tommerstua-2-1024x654.jpg\" class=\"attachment-large size-large wp-image-122\" alt=\"\" srcset=\"https:\/\/dr10.no\/wp-content\/uploads\/2023\/11\/tommerstua-2-1024x654.jpg 1024w, https:\/\/dr10.no\/wp-content\/uploads\/2023\/11\/tommerstua-2-300x192.jpg 300w, https:\/\/dr10.no\/wp-content\/uploads\/2023\/11\/tommerstua-2-768x491.jpg 768w, https:\/\/dr10.no\/wp-content\/uploads\/2023\/11\/tommerstua-2-1536x981.jpg 1536w, https:\/\/dr10.no\/wp-content\/uploads\/2023\/11\/tommerstua-2-2048x1308.jpg 2048w\" sizes=\"(max-width: 800px) 100vw, 800px\" \/>\t\t\t\t\t\t\t\t\t\t\t\t\t\t\t<\/div>\n\t\t\t\t<\/div>\n\t\t\t\t<div class=\"elementor-element elementor-element-4f620c8 elementor-widget elementor-widget-image\" data-id=\"4f620c8\" data-element_type=\"widget\" data-e-type=\"widget\" data-widget_type=\"image.default\">\n\t\t\t\t<div class=\"elementor-widget-container\">\n\t\t\t\t\t\t\t\t\t\t\t\t\t\t\t<img loading=\"lazy\" decoding=\"async\" width=\"800\" height=\"511\" src=\"https:\/\/dr10.no\/wp-content\/uploads\/2023\/11\/tommerstua--1024x654.jpg\" class=\"attachment-large size-large wp-image-123\" alt=\"\" srcset=\"https:\/\/dr10.no\/wp-content\/uploads\/2023\/11\/tommerstua--1024x654.jpg 1024w, https:\/\/dr10.no\/wp-content\/uploads\/2023\/11\/tommerstua--300x192.jpg 300w, https:\/\/dr10.no\/wp-content\/uploads\/2023\/11\/tommerstua--768x491.jpg 768w, https:\/\/dr10.no\/wp-content\/uploads\/2023\/11\/tommerstua--1536x981.jpg 1536w, https:\/\/dr10.no\/wp-content\/uploads\/2023\/11\/tommerstua--2048x1308.jpg 2048w\" sizes=\"(max-width: 800px) 100vw, 800px\" \/>\t\t\t\t\t\t\t\t\t\t\t\t\t\t\t<\/div>\n\t\t\t\t<\/div>\n\t\t\t\t<div class=\"elementor-element elementor-element-2dbdcdf elementor-widget elementor-widget-text-editor\" data-id=\"2dbdcdf\" data-element_type=\"widget\" data-e-type=\"widget\" data-widget_type=\"text-editor.default\">\n\t\t\t\t<div class=\"elementor-widget-container\">\n\t\t\t\t\t\t\t\t\t<h4><span style=\"font-weight: 400;\"><strong>Stue med plass opptil 30 gjester.<\/strong> <\/span><\/h4><p><span style=\"font-weight: 400;\">Oppsett med kinovisning, langbord eller konferansebord. Det er ogs\u00e5 2 store sofagrupper.\u00a0<\/span><\/p><p><strong>Kr 5.500,- Helg (Fredag\/l\u00f8rdag eller L\u00f8rdag\/S\u00f8ndag (private selskaper etc)<\/strong><\/p><p><strong>Kr 3.000,- pr dag, mandag til torsdag<\/strong><\/p><p><strong>Kr 4.000,- pr dag, fredag og l\u00f8rdag<\/strong><\/p><p>\u00a0<\/p><p><span style=\"font-weight: 400;\">Skjerm med lyd og bilde fra HDMI kabel. Tr\u00e5dl\u00f8s h\u00e5ndholdt mikrofon.\u00a0<\/span><\/p><p><a href=\"https:\/\/calendar.google.com\/calendar\/u\/2?cid=Y19iODkwOGEwMmE5NTg4NTdhNzU0ZGNmNjgxMWQxZGVlZDc2N2JkMmE5ZjRmYWJjYjVmYmZjMmZmZWJjNjljZjJjQGdyb3VwLmNhbGVuZGFyLmdvb2dsZS5jb20\">Admin<\/a><\/p>\t\t\t\t\t\t\t\t<\/div>\n\t\t\t\t<\/div>\n\t\t\t\t\t<\/div>\n\t\t<\/div>\n\t\t\t\t\t<\/div>\n\t\t<\/section>\n\t\t\t\t<section class=\"elementor-section elementor-top-section elementor-element elementor-element-66a419f elementor-section-boxed elementor-section-height-default elementor-section-height-default\" data-id=\"66a419f\" data-element_type=\"section\" data-e-type=\"section\">\n\t\t\t\t\t\t<div class=\"elementor-container elementor-column-gap-default\">\n\t\t\t\t\t<div class=\"elementor-column elementor-col-100 elementor-top-column elementor-element elementor-element-e82dcef\" data-id=\"e82dcef\" data-element_type=\"column\" data-e-type=\"column\">\n\t\t\t<div class=\"elementor-widget-wrap elementor-element-populated\">\n\t\t\t\t\t\t<div class=\"elementor-element elementor-element-b572c52 elementor-widget elementor-widget-spacer\" data-id=\"b572c52\" data-element_type=\"widget\" data-e-type=\"widget\" data-widget_type=\"spacer.default\">\n\t\t\t\t<div class=\"elementor-widget-container\">\n\t\t\t\t\t\t\t<div class=\"elementor-spacer\">\n\t\t\t<div class=\"elementor-spacer-inner\"><\/div>\n\t\t<\/div>\n\t\t\t\t\t\t<\/div>\n\t\t\t\t<\/div>\n\t\t\t\t\t<\/div>\n\t\t<\/div>\n\t\t\t\t\t<\/div>\n\t\t<\/section>\n\t\t\t\t<section class=\"elementor-section elementor-top-section elementor-element elementor-element-768cec3 elementor-section-boxed elementor-section-height-default elementor-section-height-default\" data-id=\"768cec3\" data-element_type=\"section\" data-e-type=\"section\">\n\t\t\t\t\t\t<div class=\"elementor-container elementor-column-gap-wider\">\n\t\t\t\t\t<div class=\"elementor-column elementor-col-50 elementor-top-column elementor-element elementor-element-b99e307\" data-id=\"b99e307\" data-element_type=\"column\" data-e-type=\"column\">\n\t\t\t<div class=\"elementor-widget-wrap elementor-element-populated\">\n\t\t\t\t\t\t<div class=\"elementor-element elementor-element-5df4dd0 elementor-widget elementor-widget-image\" data-id=\"5df4dd0\" data-element_type=\"widget\" data-e-type=\"widget\" data-widget_type=\"image.default\">\n\t\t\t\t<div class=\"elementor-widget-container\">\n\t\t\t\t\t\t\t\t\t\t\t\t\t\t\t<img loading=\"lazy\" decoding=\"async\" width=\"800\" height=\"458\" src=\"https:\/\/dr10.no\/wp-content\/uploads\/2023\/11\/Mood-2-1024x586.jpg\" class=\"attachment-large size-large wp-image-151\" alt=\"\" srcset=\"https:\/\/dr10.no\/wp-content\/uploads\/2023\/11\/Mood-2-1024x586.jpg 1024w, https:\/\/dr10.no\/wp-content\/uploads\/2023\/11\/Mood-2-300x172.jpg 300w, https:\/\/dr10.no\/wp-content\/uploads\/2023\/11\/Mood-2-768x439.jpg 768w, https:\/\/dr10.no\/wp-content\/uploads\/2023\/11\/Mood-2-1536x879.jpg 1536w, https:\/\/dr10.no\/wp-content\/uploads\/2023\/11\/Mood-2-2048x1172.jpg 2048w\" sizes=\"(max-width: 800px) 100vw, 800px\" \/>\t\t\t\t\t\t\t\t\t\t\t\t\t\t\t<\/div>\n\t\t\t\t<\/div>\n\t\t\t\t\t<\/div>\n\t\t<\/div>\n\t\t\t\t<div class=\"elementor-column elementor-col-50 elementor-top-column elementor-element elementor-element-5a0cd46\" data-id=\"5a0cd46\" data-element_type=\"column\" data-e-type=\"column\">\n\t\t\t<div class=\"elementor-widget-wrap elementor-element-populated\">\n\t\t\t\t\t\t<div class=\"elementor-element elementor-element-ba96db4 elementor-widget elementor-widget-image\" data-id=\"ba96db4\" data-element_type=\"widget\" data-e-type=\"widget\" data-widget_type=\"image.default\">\n\t\t\t\t<div class=\"elementor-widget-container\">\n\t\t\t\t\t\t\t\t\t\t\t\t\t\t\t<img loading=\"lazy\" decoding=\"async\" width=\"800\" height=\"458\" src=\"https:\/\/dr10.no\/wp-content\/uploads\/2023\/11\/Mood-1-1024x586.jpg\" class=\"attachment-large size-large wp-image-150\" alt=\"\" srcset=\"https:\/\/dr10.no\/wp-content\/uploads\/2023\/11\/Mood-1-1024x586.jpg 1024w, https:\/\/dr10.no\/wp-content\/uploads\/2023\/11\/Mood-1-300x172.jpg 300w, https:\/\/dr10.no\/wp-content\/uploads\/2023\/11\/Mood-1-768x439.jpg 768w, https:\/\/dr10.no\/wp-content\/uploads\/2023\/11\/Mood-1-1536x879.jpg 1536w, https:\/\/dr10.no\/wp-content\/uploads\/2023\/11\/Mood-1-2048x1172.jpg 2048w\" sizes=\"(max-width: 800px) 100vw, 800px\" \/>\t\t\t\t\t\t\t\t\t\t\t\t\t\t\t<\/div>\n\t\t\t\t<\/div>\n\t\t\t\t\t<\/div>\n\t\t<\/div>\n\t\t\t\t\t<\/div>\n\t\t<\/section>\n\t\t\t\t<section class=\"elementor-section elementor-top-section elementor-element elementor-element-7fb1cc6 elementor-section-boxed elementor-section-height-default elementor-section-height-default\" data-id=\"7fb1cc6\" data-element_type=\"section\" data-e-type=\"section\">\n\t\t\t\t\t\t<div class=\"elementor-container elementor-column-gap-default\">\n\t\t\t\t\t<div class=\"elementor-column elementor-col-100 elementor-top-column elementor-element elementor-element-31e48d5\" data-id=\"31e48d5\" data-element_type=\"column\" data-e-type=\"column\">\n\t\t\t<div class=\"elementor-widget-wrap elementor-element-populated\">\n\t\t\t\t\t\t\t<\/div>\n\t\t<\/div>\n\t\t\t\t\t<\/div>\n\t\t<\/section>\n\t\t\t\t<section class=\"elementor-section elementor-top-section elementor-element elementor-element-32ddfea elementor-section-boxed elementor-section-height-default elementor-section-height-default\" data-id=\"32ddfea\" data-element_type=\"section\" data-e-type=\"section\" data-settings=\"{&quot;background_background&quot;:&quot;classic&quot;}\">\n\t\t\t\t\t\t<div class=\"elementor-container elementor-column-gap-wider\">\n\t\t\t\t\t<div class=\"elementor-column elementor-col-100 elementor-top-column elementor-element elementor-element-06540a9\" data-id=\"06540a9\" data-element_type=\"column\" data-e-type=\"column\">\n\t\t\t<div class=\"elementor-widget-wrap elementor-element-populated\">\n\t\t\t\t\t\t<div class=\"elementor-element elementor-element-af753eb elementor-widget elementor-widget-text-editor\" data-id=\"af753eb\" data-element_type=\"widget\" data-e-type=\"widget\" data-widget_type=\"text-editor.default\">\n\t\t\t\t<div class=\"elementor-widget-container\">\n\t\t\t\t\t\t\t\t\t<h5 style=\"text-align: center;\"><b>\u00d8nsker du tilbud p\u00e5 leie?<\/b><\/h5><h5 style=\"text-align: center;\"><b><a href=\"https:\/\/forms.gle\/n3YHFhViUW4r16Vo8\">Fyll ut dette skjemaet<\/a><\/b><\/h5><h6 style=\"text-align: center;\"><em><strong>For sp\u00f8rsm\u00e5l, ta kontakt med:<\/strong><\/em><\/h6><p style=\"text-align: center;\"><em><span style=\"font-weight: 400;\">utleie@dr10.no<\/span><\/em><\/p><p style=\"text-align: center;\">Roger L. Bjerkan \u2013 Mob: 932 18 108<\/p><p style=\"text-align: center;\"><a href=\"https:\/\/docs.google.com\/spreadsheets\/d\/1GROArdOjxQjqBKtTt4lBnROLHLfkzJcSQn831wkoxRI\/edit#gid=733037155\"><em><span style=\"font-weight: 400;\">Admin<\/span><\/em><\/a><\/p>\t\t\t\t\t\t\t\t<\/div>\n\t\t\t\t<\/div>\n\t\t\t\t\t<\/div>\n\t\t<\/div>\n\t\t\t\t\t<\/div>\n\t\t<\/section>\n\t\t\t\t<\/div>\n\t\t","protected":false},"excerpt":{"rendered":"<p>Leie lokaler? Med (eller uten) servering fra H\u00e5ndverksbakeriet Velkommen til v\u00e5re nye konferanselokaler midt i g\u00e5gaten i Moss Bygget v\u00e5rt er fra 1812 og har historisk sus med verneverdig fasade. Det er det eldste bygget i g\u00e5gata, og har tidligere v\u00e6rt kjent som Frisenfeldt g\u00e5rden.\u00a0 Vi har pusset det opp og innredet bygget med en [&hellip;]<\/p>\n","protected":false},"author":1,"featured_media":0,"parent":0,"menu_order":0,"comment_status":"closed","ping_status":"closed","template":"elementor_header_footer","meta":{"footnotes":""},"class_list":["post-77","page","type-page","status-publish","hentry"],"_links":{"self":[{"href":"https:\/\/dr10.no\/index.php?rest_route=\/wp\/v2\/pages\/77","targetHints":{"allow":["GET"]}}],"collection":[{"href":"https:\/\/dr10.no\/index.php?rest_route=\/wp\/v2\/pages"}],"about":[{"href":"https:\/\/dr10.no\/index.php?rest_route=\/wp\/v2\/types\/page"}],"author":[{"embeddable":true,"href":"https:\/\/dr10.no\/index.php?rest_route=\/wp\/v2\/users\/1"}],"replies":[{"embeddable":true,"href":"https:\/\/dr10.no\/index.php?rest_route=%2Fwp%2Fv2%2Fcomments&post=77"}],"version-history":[{"count":112,"href":"https:\/\/dr10.no\/index.php?rest_route=\/wp\/v2\/pages\/77\/revisions"}],"predecessor-version":[{"id":529,"href":"https:\/\/dr10.no\/index.php?rest_route=\/wp\/v2\/pages\/77\/revisions\/529"}],"wp:attachment":[{"href":"https:\/\/dr10.no\/index.php?rest_route=%2Fwp%2Fv2%2Fmedia&parent=77"}],"curies":[{"name":"wp","href":"https:\/\/api.w.org\/{rel}","templated":true}]}}